{"id":29,"date":"2017-07-13T14:39:26","date_gmt":"2017-07-13T14:39:26","guid":{"rendered":"http:\/\/musikfuerorgelundposaune.de\/?page_id=29"},"modified":"2018-05-29T09:20:26","modified_gmt":"2018-05-29T09:20:26","slug":"impressum","status":"publish","type":"page","link":"https:\/\/musikfuerorgelundposaune.de\/?page_id=29","title":{"rendered":"Impressum \/ Datenschutz"},"content":{"rendered":"<p>F\u00fcr den Inhalt gem\u00e4\u00df \u00a7 10 Absatz 3 MDStV ist Hansj\u00f6rg Fink,Peter-Berten-Str. 8,D-41334 Nettetal,Mobil: +49\/172\/7119998,Mail: hansjoerg.fink \u00a0@ \u00a0 gmx.de<br \/>\nWeb: <a href=\"http:\/\/www.hansjoergfink.com\/\" target=\"_blank\" rel=\"noopener\">www.hansjoergfink.com<\/a> verantwortlich.<\/p>\n<p>Haftungshinweis:<\/p>\n<p>Trotz sorgf\u00e4ltiger inhaltlicher Kontrolle \u00fcbernehme ich keine Haftung f\u00fcr die Inhalte externer Links. F\u00fcr den Inhalt der verlinkten Seiten sind ausschlie\u00dflich deren Betreiber verantwortlich.<\/p>\n<p>Alle ver\u00f6ffentlichen Informationen und Illustrationen unterliegen dem Urheberrecht der jeweilig angegebenen Autoren bzw. der Rechteinhaber der jeweilig angegebenen Quellen. Die Art und Weise der Zusammenstellung und alle Informationen ohne Quellen- bzw. Autorenangaben unterliegen dem Urheberrecht des Domaininhabers. Die Weiterverarbeitung, Vervielf\u00e4ltigung und jede sonstige Nutzung ist nur nach vorheriger Kontaktaufnahme mit dem Rechteinhaber und dessen Erlaubnis gestattet.<\/p>\n<p><b>Datenschutzerkl\u00e4rung<\/b><\/p>\n<p><b>Allgemeiner Hinweis und Pflichtinformationen<\/b><\/p>\n<p>Die verantwortliche Stelle f\u00fcr die Datenverarbeitung auf dieser Website ist:<br \/>\nHansj\u00f6rg Fink,Peter-Berten-Str. 8,D-41334 Nettetal,Mobil: +49\/172\/7119998,Mail: hansjoerg.fink \u00a0@ \u00a0 <a href=\"http:\/\/gmx.de\/\">gmx.de<\/a><\/p>\n<p>Die verantwortliche Stelle entscheidet allein oder gemeinsam mit anderen \u00fcber die Zwecke und Mittel der Verarbeitung von personenbezogenen Daten<br \/>\n(z.B. Namen, Kontaktdaten o. \u00c4.).<\/p>\n<p><b>Widerruf Ihrer Einwilligung zur Datenverarbeitung<\/b><\/p>\n<p>Nur mit Ihrer ausdr\u00fccklichen Einwilligung sind einige Vorg\u00e4nge der Datenverarbeitung m\u00f6glich. Ein Widerruf Ihrer bereits erteilten Einwilligung ist jederzeit m\u00f6glich. F\u00fcr den Widerruf gen\u00fcgt eine formlose Mitteilung per E-Mail. Die Rechtm\u00e4\u00dfigkeit der bis zum Widerruf erfolgten Datenverarbeitung bleibt vom Widerruf unber\u00fchrt.<\/p>\n<p><b>Recht auf Beschwerde bei der zust\u00e4ndigen Aufsichtsbeh\u00f6rde<\/b><\/p>\n<p>Als Betroffener steht Ihnen im Falle eines datenschutzrechtlichen Versto\u00dfes ein Beschwerderecht bei der zust\u00e4ndigen Aufsichtsbeh\u00f6rde zu. Zust\u00e4ndige Aufsichtsbeh\u00f6rde bez\u00fcglich datenschutzrechtlicher Fragen ist der Landesdatenschutzbeauftragte des Bundeslandes, in dem sich der Sitz unseres Unternehmens befindet. Der folgende Link stellt eine Liste der Datenschutzbeauftragten sowie deren Kontaktdaten bereit: <a href=\"https:\/\/deref-gmx.net\/mail\/client\/vg-x4hgxsF4\/dereferrer\/?redirectUrl=https%3A%2F%2Fwww.bfdi.bund.de%2FDE%2FInfothek%2FAnschriften_Links%2Fanschriften_links-node.html\" target=\"_blank\" rel=\"noopener\">https:\/\/www.bfdi.bund.de\/DE\/Infothek\/Anschriften_Links\/anschriften_links-node.html<\/a>.<\/p>\n<p><b>Recht auf Daten\u00fcbertragbarkeit<\/b><\/p>\n<p>Ihnen steht das Recht zu, Daten, die wir auf Grundlage Ihrer Einwilligung oder in Erf\u00fcllung eines Vertrags automatisiert verarbeiten, an sich oder an Dritte aush\u00e4ndigen zu lassen. Die Bereitstellung erfolgt in einem maschinenlesbaren Format. Sofern Sie die direkte \u00dcbertragung der Daten an einen anderen Verantwortlichen verlangen, erfolgt dies nur, soweit es technisch machbar ist.<\/p>\n<p><b>Server-Log-Dateien<\/b><\/p>\n<p>In Server-Log-Dateien erhebt und speichert der Provider der Website automatisch Informationen, die Ihr Browser automatisch an uns \u00fcbermittelt. Dies sind:<\/p>\n<ul>\n<li>Browsertyp und Browserversion<\/li>\n<li>Verwendetes Betriebssystem<\/li>\n<li>Referrer URL<\/li>\n<li>Hostname des zugreifenden Rechners<\/li>\n<li>Uhrzeit der Serveranfrage<\/li>\n<li>IP-Adresse<\/li>\n<\/ul>\n<p>Es findet keine Zusammenf\u00fchrung dieser Daten mit anderen Datenquellen statt. Grundlage der Datenverarbeitung bildet Art. 6 Abs. 1 lit. b DSGVO, der die Verarbeitung von Daten zur Erf\u00fcllung eines Vertrags oder vorvertraglicher Ma\u00dfnahmen gestattet.<\/p>\n<p><b>Kontaktformular<\/b><\/p>\n<p>Per Kontaktformular \u00fcbermittelte Daten werden einschlie\u00dflich Ihrer Kontaktdaten gespeichert, um Ihre Anfrage bearbeiten zu k\u00f6nnen oder um f\u00fcr Anschlussfragen bereitzustehen. Eine Weitergabe dieser Daten findet ohne Ihre Einwilligung nicht statt.<\/p>\n<p>Die Verarbeitung der in das Kontaktformular eingegebenen Daten erfolgt ausschlie\u00dflich auf Grundlage Ihrer Einwilligung (Art. 6 Abs. 1 lit. a DSGVO). Ein Widerruf Ihrer bereits erteilten Einwilligung ist jederzeit m\u00f6glich. F\u00fcr den Widerruf gen\u00fcgt eine formlose Mitteilung per E-Mail. Die Rechtm\u00e4\u00dfigkeit der bis zum Widerruf erfolgten Datenverarbeitungsvorg\u00e4nge bleibt vom Widerruf unber\u00fchrt.<\/p>\n<p>\u00dcber das Kontaktformular \u00fcbermittelte Daten verbleiben bei uns, bis Sie uns zur L\u00f6schung auffordern, Ihre Einwilligung zur Speicherung widerrufen oder keine Notwendigkeit der Datenspeicherung mehr besteht. Zwingende gesetzliche Bestimmungen &#8211; insbesondere Aufbewahrungsfristen &#8211; bleiben unber\u00fchrt.<\/p>\n<p><strong>YouTube<\/strong><\/p>\n<p>F\u00fcr Integration und Darstellung von Videoinhalten nutzt unsere Website Plugins von YouTube. Anbieter des Videoportals ist die YouTube, LLC, 901 Cherry Ave., San Bruno, CA 94066, USA.<br \/>\nBei Aufruf einer Seite mit integriertem YouTube-Plugin wird eine Verbindung zu den Servern von YouTube hergestellt. YouTube erf\u00e4hrt hierdurch, welche unserer Seiten Sie aufgerufen haben.<br \/>\nYouTube kann Ihr Surfverhalten direkt Ihrem pers\u00f6nlichen Profil zuzuordnen, sollten Sie in Ihrem YouTube Konto eingeloggt sein. Durch vorheriges Ausloggen haben Sie die M\u00f6glichkeit, dies zu unterbinden.<br \/>\nDie Nutzung von YouTube erfolgt im Interesse einer ansprechenden Darstellung meines Online-Angebots. Dies stellt ein berechtigtes Interesse im Sinne von Art. 6 Abs. 1 lit. f DSGVO dar.<br \/>\nEinzelheiten zum Umgang mit Nutzerdaten finden Sie in der Datenschutzerkl\u00e4rung von YouTube unter: <a href=\"https:\/\/deref-gmx.net\/mail\/client\/O_dUvTWEp2o\/dereferrer\/?redirectUrl=https%3A%2F%2Fwww.google.de%2Fintl%2Fde%2Fpolicies%2Fprivacy\" target=\"_blank\" rel=\"noopener\">https:\/\/www.google.de\/intl\/de\/policies\/privacy<\/a><\/p>\n","protected":false},"excerpt":{"rendered":"<p>F\u00fcr den Inhalt gem\u00e4\u00df \u00a7 10 Absatz 3 MDStV ist Hansj\u00f6rg Fink,Peter-Berten-Str. 8,D-41334 Nettetal,Mobil: +49\/172\/7119998,Mail: hansjoerg.fink \u00a0@ \u00a0 gmx.de Web: www.hansjoergfink.com verantwortlich. [&hellip;]<\/p>\n","protected":false},"author":1,"featured_media":0,"parent":0,"menu_order":0,"comment_status":"closed","ping_status":"closed","template":"","meta":{"footnotes":""},"class_list":["post-29","page","type-page","status-publish","hentry"],"_links":{"self":[{"href":"https:\/\/musikfuerorgelundposaune.de\/index.php?rest_route=\/wp\/v2\/pages\/29","targetHints":{"allow":["GET"]}}],"collection":[{"href":"https:\/\/musikfuerorgelundposaune.de\/index.php?rest_route=\/wp\/v2\/pages"}],"about":[{"href":"https:\/\/musikfuerorgelundposaune.de\/index.php?rest_route=\/wp\/v2\/types\/page"}],"author":[{"embeddable":true,"href":"https:\/\/musikfuerorgelundposaune.de\/index.php?rest_route=\/wp\/v2\/users\/1"}],"replies":[{"embeddable":true,"href":"https:\/\/musikfuerorgelundposaune.de\/index.php?rest_route=%2Fwp%2Fv2%2Fcomments&post=29"}],"version-history":[{"count":7,"href":"https:\/\/musikfuerorgelundposaune.de\/index.php?rest_route=\/wp\/v2\/pages\/29\/revisions"}],"predecessor-version":[{"id":271,"href":"https:\/\/musikfuerorgelundposaune.de\/index.php?rest_route=\/wp\/v2\/pages\/29\/revisions\/271"}],"wp:attachment":[{"href":"https:\/\/musikfuerorgelundposaune.de\/index.php?rest_route=%2Fwp%2Fv2%2Fmedia&parent=29"}],"curies":[{"name":"wp","href":"https:\/\/api.w.org\/{rel}","templated":true}]}}