{"id":2,"date":"2016-05-10T03:48:21","date_gmt":"2016-05-10T03:48:21","guid":{"rendered":"http:\/\/musikfuerorgelundposaune.de\/?page_id=2"},"modified":"2024-08-14T15:46:38","modified_gmt":"2024-08-14T15:46:38","slug":"sample-page","status":"publish","type":"page","link":"https:\/\/musikfuerorgelundposaune.de\/","title":{"rendered":"FINK LEHNEN DUO |  Musik f\u00fcr Orgel und Posaune"},"content":{"rendered":"\t\t<div data-elementor-type=\"wp-post\" data-elementor-id=\"2\" class=\"elementor elementor-2\">\n\t\t\t\t\t\t<section class=\"elementor-section elementor-top-section elementor-element elementor-element-grglvzq elementor-section-boxed elementor-section-height-default elementor-section-height-default\" data-id=\"grglvzq\" data-element_type=\"section\" data-e-type=\"section\">\n\t\t\t\t\t\t<div class=\"elementor-container elementor-column-gap-default\">\n\t\t\t\t\t<div class=\"elementor-column elementor-col-50 elementor-top-column elementor-element elementor-element-ipdolhq\" data-id=\"ipdolhq\" data-element_type=\"column\" data-e-type=\"column\">\n\t\t\t<div class=\"elementor-widget-wrap elementor-element-populated\">\n\t\t\t\t\t\t<div class=\"elementor-element elementor-element-bmuviou elementor-invisible elementor-widget elementor-widget-text-editor\" data-id=\"bmuviou\" data-element_type=\"widget\" data-e-type=\"widget\" data-settings=\"{&quot;_animation&quot;:&quot;fadeIn&quot;}\" data-widget_type=\"text-editor.default\">\n\t\t\t\t<div class=\"elementor-widget-container\">\n\t\t\t\t\t\t\t\t\t<h3>\u00a0<strong>Elmar Lehnen und Hansj\u00f6rg Fink<\/strong><\/h3><p>\u00a0<\/p><p>Das <strong>FINK LEHNEN DUO<\/strong>, bestehend aus Elmar Lehnen (Orgel) und Hansj\u00f6rg Fink (Posaune), setzt mit seinen einzigartigen Kompositionen neue Ma\u00dfst\u00e4be und erweitert das Repertoire f\u00fcr Posaune und Orgel. Ihr kreatives Konzept verbindet Kirchenmusik und\u2028Jazz auf innovative Weise, wobei Improvisation das Herzst\u00fcck bildet.<\/p><p><strong>\u00dcber die K\u00fcnstler<\/strong>\u2028\u2028<\/p><p>Beide Musiker haben sich in ihren jeweiligen Bereichen einen hervorragenden Ruf erarbeitet und arbeiten seit 2008 intensiv zusammen. Ihre Werke sind national und international anerkannt, was durch zahlreiche CD-Produktionen, Konzerte im In- und Ausland sowie ihre Lehrt\u00e4tigkeiten auf akademischem Niveau belegt wird.<\/p><p><strong><br \/>Ver\u00f6ffentlichungen<\/strong><\/p><p><span style=\"white-space: normal;\"> \u2022 <a href=\"https:\/\/www.sthrecords.nl\/muziek\/2444\/vitraux-duo-fink-lehnen\/\">VITRAUX, 2023, sth records<\/a><\/span><\/p><p><span style=\"white-space: normal;\"> \u2022 <a href=\"https:\/\/audite.de\/de\/product\/CD\/97737-seven.html\">SEVEN, 2018, audite<\/a><\/span><\/p><p><span style=\"white-space: normal;\"> \u2022 <a href=\"https:\/\/audite.de\/de\/product\/SACD\/92660-requiem_for_trombone_and_organ.html\">REQUIEM, 2014, audite<\/a><\/span><\/p><p><span style=\"white-space: normal;\"> \u2022 SALVE REGINA, 2010, Lahn Verlag<\/span><\/p><p><strong><br \/>Besondere Projekte<\/strong><\/p><p><span style=\"white-space: normal;\"> \u2022 MINIATUREN: Im Januar 2023 entstand im Orgelpark Amsterdam dieser Zyklus mit \u00fcber zwei Dutzend themenbezogenen Improvisationen.<\/span><\/p><p><span style=\"white-space: normal;\"> \u2022 ROTARY SUITE: 2021\/2022 komponiert von Elmar Lehnen und Hansj\u00f6rg Fink im Auftrag des Rotary Clubs Villach (Urauff\u00fchrung: 2022, \u00d6sterreich)<\/span><\/p><p><span style=\"white-space: normal;\"> \u2022 <a href=\"https:\/\/www.youtube.com\/channel\/UC7prGku48vSmKhpFR62NXNw\">YOU TUBE KANAL<\/a>: In der Corona-Pause entstand ihr YouTube-Kanal mit vielen spannenden Beitr\u00e4gen.<\/span><\/p><p><strong><br \/>Konzerte und Festivals<\/strong>\u2028\u2028<\/p><p>Das Duo ist regelm\u00e4\u00dfig in bedeutenden Kirchen und auf renommierten Festivals zu h\u00f6ren:<\/p><p><span style=\"white-space: normal;\"> \u2022 <strong>Kirchen<\/strong>: Berliner Dom, Basilika Kevelaer, Notre Dame des Neiges (Alpe d&#8217;Huez, Frankreich), Dome zu Mainz, Hildesheim, Speyer, Wesel, Paderborn, Altenberg, Rottenburg, Limburg, sowie Kirchen in K\u00f6ln, Rottweil, Aachen, D\u00fcsseldorf, Duisburg, Oldenburg, M\u00f6nchengladbach, Hamm, Kempen, Krefeld, Menden, Erkelenz, Bad Salzuflen, Bad Ems und viele mehr.<\/span><\/p><p><span style=\"white-space: normal;\"> \u2022 <strong>Festivals<\/strong>: \u201eFestival Internazionale di Musica Organista\u201c in Magadino (Schweiz), International Orgelfestival San Carlino al Lazzaretto in Mailand (Italien), Orgelpark Amsterdam (Niederlande), Orgelfestival Koksijde (Belgien), Internationale Zuger Orgeltage und Festival Aarau (Schweiz), Kaleidoskop-Festival in Quedlinburg (Deutschland), Internationaler Orgelmarathon 2020 (Deutschland\/Niederlande), ORGEL.sommer Hildesheim, IDO Festival D\u00fcsseldorf, Sauerland-Herbst, Aalener Jazzfest, Festival Orgel PLUS in Bottrop, Internationales Orgeltrimester Refrath, Internationaler Orgelsommer Mainz, Wuppertaler Orgeltage, Heidenheimer Jazztage und viele mehr.<\/span><\/p><p><span style=\"color: var( --e-global-color-text ); font-family: var( --e-global-typography-text-font-family ), Sans-serif; font-weight: var( --e-global-typography-text-font-weight );\"><br \/>Erleben Sie die faszinierende Mischung aus Kirchenmusik und Jazz live und lassen Sie sich von der einzigartigen Klangwelt des FINK LEHNEN DUOs begeistern!<\/span><\/p>\t\t\t\t\t\t\t\t<\/div>\n\t\t\t\t<\/div>\n\t\t\t\t\t<\/div>\n\t\t<\/div>\n\t\t\t\t<div class=\"elementor-column elementor-col-50 elementor-top-column elementor-element elementor-element-oyc0q0m\" data-id=\"oyc0q0m\" data-element_type=\"column\" data-e-type=\"column\">\n\t\t\t<div class=\"elementor-widget-wrap elementor-element-populated\">\n\t\t\t\t\t\t<div class=\"elementor-element elementor-element-r2vau5k elementor-invisible elementor-widget elementor-widget-image\" data-id=\"r2vau5k\" data-element_type=\"widget\" data-e-type=\"widget\" data-settings=\"{&quot;_animation&quot;:&quot;slideInUp&quot;}\" data-widget_type=\"image.default\">\n\t\t\t\t<div class=\"elementor-widget-container\">\n\t\t\t\t\t\t\t\t\t\t\t\t\t\t\t<img fetchpriority=\"high\" decoding=\"async\" width=\"300\" height=\"225\" src=\"https:\/\/musikfuerorgelundposaune.de\/wp-content\/uploads\/2017\/07\/39-Berliner-Dom-300x225.jpg\" class=\"attachment-medium size-medium wp-image-145\" alt=\"\" srcset=\"https:\/\/musikfuerorgelundposaune.de\/wp-content\/uploads\/2017\/07\/39-Berliner-Dom-300x225.jpg 300w, https:\/\/musikfuerorgelundposaune.de\/wp-content\/uploads\/2017\/07\/39-Berliner-Dom-768x576.jpg 768w, https:\/\/musikfuerorgelundposaune.de\/wp-content\/uploads\/2017\/07\/39-Berliner-Dom.jpg 1024w, https:\/\/musikfuerorgelundposaune.de\/wp-content\/uploads\/2017\/07\/39-Berliner-Dom-830x623.jpg 830w, https:\/\/musikfuerorgelundposaune.de\/wp-content\/uploads\/2017\/07\/39-Berliner-Dom-230x173.jpg 230w, https:\/\/musikfuerorgelundposaune.de\/wp-content\/uploads\/2017\/07\/39-Berliner-Dom-350x263.jpg 350w, https:\/\/musikfuerorgelundposaune.de\/wp-content\/uploads\/2017\/07\/39-Berliner-Dom-480x360.jpg 480w\" sizes=\"(max-width: 300px) 100vw, 300px\" \/>\t\t\t\t\t\t\t\t\t\t\t\t\t\t\t<\/div>\n\t\t\t\t<\/div>\n\t\t\t\t<div class=\"elementor-element elementor-element-krbb88u elementor-invisible elementor-widget elementor-widget-image\" data-id=\"krbb88u\" data-element_type=\"widget\" data-e-type=\"widget\" data-settings=\"{&quot;_animation&quot;:&quot;slideInUp&quot;}\" data-widget_type=\"image.default\">\n\t\t\t\t<div class=\"elementor-widget-container\">\n\t\t\t\t\t\t\t\t\t\t\t\t\t\t\t<img decoding=\"async\" width=\"300\" height=\"198\" src=\"https:\/\/musikfuerorgelundposaune.de\/wp-content\/uploads\/2017\/08\/Kevelaer-Orgel-300x198.jpg\" class=\"attachment-medium size-medium wp-image-255\" alt=\"\" srcset=\"https:\/\/musikfuerorgelundposaune.de\/wp-content\/uploads\/2017\/08\/Kevelaer-Orgel-300x198.jpg 300w, https:\/\/musikfuerorgelundposaune.de\/wp-content\/uploads\/2017\/08\/Kevelaer-Orgel-768x507.jpg 768w, https:\/\/musikfuerorgelundposaune.de\/wp-content\/uploads\/2017\/08\/Kevelaer-Orgel.jpg 1024w, https:\/\/musikfuerorgelundposaune.de\/wp-content\/uploads\/2017\/08\/Kevelaer-Orgel-830x548.jpg 830w, https:\/\/musikfuerorgelundposaune.de\/wp-content\/uploads\/2017\/08\/Kevelaer-Orgel-230x152.jpg 230w, https:\/\/musikfuerorgelundposaune.de\/wp-content\/uploads\/2017\/08\/Kevelaer-Orgel-350x231.jpg 350w, https:\/\/musikfuerorgelundposaune.de\/wp-content\/uploads\/2017\/08\/Kevelaer-Orgel-480x317.jpg 480w\" sizes=\"(max-width: 300px) 100vw, 300px\" \/>\t\t\t\t\t\t\t\t\t\t\t\t\t\t\t<\/div>\n\t\t\t\t<\/div>\n\t\t\t\t<div class=\"elementor-element elementor-element-qaeihed elementor-invisible elementor-widget elementor-widget-image\" data-id=\"qaeihed\" data-element_type=\"widget\" data-e-type=\"widget\" data-settings=\"{&quot;_animation&quot;:&quot;slideInUp&quot;}\" data-widget_type=\"image.default\">\n\t\t\t\t<div class=\"elementor-widget-container\">\n\t\t\t\t\t\t\t\t\t\t\t\t\t\t\t<img decoding=\"async\" width=\"300\" height=\"200\" src=\"https:\/\/musikfuerorgelundposaune.de\/wp-content\/uploads\/2017\/07\/41-Hildesheim-DOM-300x200.jpg\" class=\"attachment-medium size-medium wp-image-162\" alt=\"\" srcset=\"https:\/\/musikfuerorgelundposaune.de\/wp-content\/uploads\/2017\/07\/41-Hildesheim-DOM-300x200.jpg 300w, https:\/\/musikfuerorgelundposaune.de\/wp-content\/uploads\/2017\/07\/41-Hildesheim-DOM-768x512.jpg 768w, https:\/\/musikfuerorgelundposaune.de\/wp-content\/uploads\/2017\/07\/41-Hildesheim-DOM-1024x683.jpg 1024w, https:\/\/musikfuerorgelundposaune.de\/wp-content\/uploads\/2017\/07\/41-Hildesheim-DOM-830x553.jpg 830w, https:\/\/musikfuerorgelundposaune.de\/wp-content\/uploads\/2017\/07\/41-Hildesheim-DOM-230x153.jpg 230w, https:\/\/musikfuerorgelundposaune.de\/wp-content\/uploads\/2017\/07\/41-Hildesheim-DOM-350x233.jpg 350w, https:\/\/musikfuerorgelundposaune.de\/wp-content\/uploads\/2017\/07\/41-Hildesheim-DOM-480x320.jpg 480w, https:\/\/musikfuerorgelundposaune.de\/wp-content\/uploads\/2017\/07\/41-Hildesheim-DOM.jpg 1440w\" sizes=\"(max-width: 300px) 100vw, 300px\" \/>\t\t\t\t\t\t\t\t\t\t\t\t\t\t\t<\/div>\n\t\t\t\t<\/div>\n\t\t\t\t\t<\/div>\n\t\t<\/div>\n\t\t\t\t\t<\/div>\n\t\t<\/section>\n\t\t\t\t<section class=\"elementor-section elementor-top-section elementor-element elementor-element-g7c9evy elementor-section-height-min-height elementor-section-items-top elementor-section-content-top elementor-section-boxed elementor-section-height-default\" data-id=\"g7c9evy\" data-element_type=\"section\" data-e-type=\"section\">\n\t\t\t\t\t\t<div class=\"elementor-container elementor-column-gap-wider\">\n\t\t\t\t\t<div class=\"elementor-column elementor-col-50 elementor-top-column elementor-element elementor-element-k2kkykc\" data-id=\"k2kkykc\" data-element_type=\"column\" data-e-type=\"column\">\n\t\t\t<div class=\"elementor-widget-wrap\">\n\t\t\t\t\t\t\t<\/div>\n\t\t<\/div>\n\t\t\t\t<div class=\"elementor-column elementor-col-50 elementor-top-column elementor-element elementor-element-5xn7s7c\" data-id=\"5xn7s7c\" data-element_type=\"column\" data-e-type=\"column\">\n\t\t\t<div class=\"elementor-widget-wrap\">\n\t\t\t\t\t\t\t<\/div>\n\t\t<\/div>\n\t\t\t\t\t<\/div>\n\t\t<\/section>\n\t\t\t\t<\/div>\n\t\t","protected":false},"excerpt":{"rendered":"<p>\u00a0Elmar Lehnen und Hansj\u00f6rg Fink \u00a0 Das FINK LEHNEN DUO, bestehend aus Elmar Lehnen (Orgel) und Hansj\u00f6rg Fink (Posaune), setzt mit seinen [&hellip;]<\/p>\n","protected":false},"author":1,"featured_media":0,"parent":0,"menu_order":0,"comment_status":"closed","ping_status":"closed","template":"page-templates\/page_fullwidth.php","meta":{"footnotes":""},"class_list":["post-2","page","type-page","status-publish","hentry"],"_links":{"self":[{"href":"https:\/\/musikfuerorgelundposaune.de\/index.php?rest_route=\/wp\/v2\/pages\/2","targetHints":{"allow":["GET"]}}],"collection":[{"href":"https:\/\/musikfuerorgelundposaune.de\/index.php?rest_route=\/wp\/v2\/pages"}],"about":[{"href":"https:\/\/musikfuerorgelundposaune.de\/index.php?rest_route=\/wp\/v2\/types\/page"}],"author":[{"embeddable":true,"href":"https:\/\/musikfuerorgelundposaune.de\/index.php?rest_route=\/wp\/v2\/users\/1"}],"replies":[{"embeddable":true,"href":"https:\/\/musikfuerorgelundposaune.de\/index.php?rest_route=%2Fwp%2Fv2%2Fcomments&post=2"}],"version-history":[{"count":104,"href":"https:\/\/musikfuerorgelundposaune.de\/index.php?rest_route=\/wp\/v2\/pages\/2\/revisions"}],"predecessor-version":[{"id":945,"href":"https:\/\/musikfuerorgelundposaune.de\/index.php?rest_route=\/wp\/v2\/pages\/2\/revisions\/945"}],"wp:attachment":[{"href":"https:\/\/musikfuerorgelundposaune.de\/index.php?rest_route=%2Fwp%2Fv2%2Fmedia&parent=2"}],"curies":[{"name":"wp","href":"https:\/\/api.w.org\/{rel}","templated":true}]}}